{"id":1063,"date":"2023-02-13T21:28:06","date_gmt":"2023-02-14T05:28:06","guid":{"rendered":"https:\/\/drnicolasleyva.com\/mama\/"},"modified":"2025-08-29T16:59:01","modified_gmt":"2025-08-29T23:59:01","slug":"pecho","status":"publish","type":"page","link":"https:\/\/drnicolasleyva.com\/es\/pecho\/","title":{"rendered":"Pecho"},"content":{"rendered":"[vc_row type=&#8221;full_width_background&#8221; full_screen_row_position=&#8221;middle&#8221; column_margin=&#8221;default&#8221; column_direction=&#8221;default&#8221; column_direction_tablet=&#8221;default&#8221; column_direction_phone=&#8221;default&#8221; bg_color=&#8221;#4d4e56&#8243; scene_position=&#8221;center&#8221; top_padding=&#8221;6%&#8221; bottom_padding=&#8221;8%&#8221; text_color=&#8221;light&#8221; text_align=&#8221;left&#8221; row_border_radius=&#8221;none&#8221; row_border_radius_applies=&#8221;bg&#8221; overflow=&#8221;visible&#8221; overlay_strength=&#8221;0.3&#8243; gradient_direction=&#8221;left_to_right&#8221; shape_divider_position=&#8221;bottom&#8221; bg_image_animation=&#8221;none&#8221; gradient_type=&#8221;default&#8221; shape_type=&#8221;&#8221;][vc_column column_padding=&#8221;padding-6-percent&#8221; column_padding_tablet=&#8221;inherit&#8221; column_padding_phone=&#8221;no-extra-padding&#8221; column_padding_position=&#8221;left-right&#8221; column_element_direction_desktop=&#8221;default&#8221; column_element_spacing=&#8221;default&#8221; desktop_text_alignment=&#8221;default&#8221; tablet_text_alignment=&#8221;default&#8221; phone_text_alignment=&#8221;default&#8221; background_color_opacity=&#8221;1&#8243; background_hover_color_opacity=&#8221;1&#8243; column_backdrop_filter=&#8221;none&#8221; column_shadow=&#8221;none&#8221; column_border_radius=&#8221;none&#8221; column_link_target=&#8221;_self&#8221; column_position=&#8221;default&#8221; gradient_direction=&#8221;left_to_right&#8221; overlay_strength=&#8221;0.3&#8243; width=&#8221;1\/1&#8243; tablet_width_inherit=&#8221;default&#8221; animation_type=&#8221;default&#8221; bg_image_animation=&#8221;none&#8221; border_type=&#8221;simple&#8221; column_border_width=&#8221;none&#8221; column_border_style=&#8221;solid&#8221; column_padding_type=&#8221;default&#8221; gradient_type=&#8221;default&#8221;][vc_column_text]\n<h4>Pecho<\/h4>\n[\/vc_column_text][tabbed_section style=&#8221;vertical_scrolling&#8221; tab_color=&#8221;Accent-Color&#8221; vs_navigation_func=&#8221;default&#8221; vs_navigation_width=&#8221;regular&#8221; vs_navigation_spacing=&#8221;15px&#8221; vs_navigation_mobile_display=&#8221;visible&#8221; vs_tab_spacing=&#8221;5%&#8221; vs_tab_tag=&#8221;p&#8221; vs_cta_style=&#8221;see-through&#8221; vs_cta_bg_color=&#8221;default&#8221; vs_cta_heading_tag=&#8221;h6&#8243; vs_sticky_aspect=&#8221;default&#8221;][tab icon_family=&#8221;none&#8221; title=&#8221;Aumento de pecho&#8221; id=&#8221;1676962627572-10&#8243; tab_id=&#8221;1676962627573-2&#8243;][vc_column_text]\n<div class=\"results-title\">Aumento de pecho<\/div>\n[\/vc_column_text][vc_column_text]\n<p style=\"text-align: justify;\">El aumento de pecho incrementa y mejora la forma y el tama\u00f1o de sus pechos naturales mediante implantes de silicona o transferencia de grasa.<\/p>\n[\/vc_column_text][divider line_type=&#8221;No Line&#8221; custom_height=&#8221;35&#8243;][vc_column_text]\n<div class=\"results-medium\">RESULTADOS<\/div>\n[\/vc_column_text][vc_gallery type=&#8221;flexslider_style&#8221; images=&#8221;1068,1069,1070,1072,1074,1075&#8243; onclick=&#8221;link_no&#8221; img_size=&#8221;full&#8221;][nectar_btn size=&#8221;jumbo&#8221; button_style=&#8221;see-through&#8221; button_color_2=&#8221;Accent-Color&#8221; icon_family=&#8221;none&#8221; el_class=&#8221;btn-letras&#8221; text=&#8221;RESERVE SU CONSULTA VIRTUAL&#8221; url=&#8221;https:\/\/drnicolasleyva.com\/es\/consulta-virtual\/&#8221;][\/tab][tab icon_family=&#8221;none&#8221; title=&#8221;Elevaci\u00f3n de pecho (sin implantes)&#8221; id=&#8221;1676962627640-5&#8243; tab_id=&#8221;1676962627641-5&#8243;][vc_column_text]\n<div id=\"tab_num2\" class=\"results-title\">Elevaci\u00f3n de pecho (sin implantes)<\/div>\n[\/vc_column_text][vc_column_text]\n<p style=\"text-align: justify;\">Esta cirug\u00eda eleva o recoloca los pechos sueltos y ca\u00eddos, a la vez que mejora la forma y el tama\u00f1o de sus pechos para conseguir un aspecto m\u00e1s juvenil.<\/p>\n<p>Este popular procedimiento tambi\u00e9n restaura las areolas a una posici\u00f3n m\u00e1s erguida.[\/vc_column_text][divider line_type=&#8221;No Line&#8221; custom_height=&#8221;35&#8243;][vc_column_text]\n<div class=\"results-medium\">RESULTADOS<\/div>\n[\/vc_column_text][vc_gallery type=&#8221;flexslider_style&#8221; images=&#8221;1077,1079&#8243; onclick=&#8221;link_no&#8221; img_size=&#8221;full&#8221;][nectar_btn size=&#8221;jumbo&#8221; button_style=&#8221;see-through&#8221; button_color_2=&#8221;Accent-Color&#8221; icon_family=&#8221;none&#8221; el_class=&#8221;btn-letras&#8221; text=&#8221;RESERVE SU CONSULTA VIRTUAL&#8221; url=&#8221;https:\/\/drnicolasleyva.com\/es\/consulta-virtual\/&#8221;][\/tab][tab icon_family=&#8221;none&#8221; title=&#8221;Elevaci\u00f3n de pecho (con implantes)&#8221; id=&#8221;1676962627673-1&#8243; tab_id=&#8221;1676962627674-3&#8243;][vc_column_text]\n<div id=\"tab_num3\" class=\"results-title\">Elevaci\u00f3n de pecho (con implantes)<\/div>\n[\/vc_column_text][vc_column_text]\n<p style=\"text-align: justify;\">Esta cirug\u00eda aborda tanto los tejidos ca\u00eddos como la p\u00e9rdida de volumen mamario, mejorando la forma, el tama\u00f1o y la posici\u00f3n de los pechos, restaurando el equilibrio y la juventud.<\/p>\n[\/vc_column_text][divider line_type=&#8221;No Line&#8221; custom_height=&#8221;35&#8243;][vc_column_text]\n<div class=\"results-medium\">RESULTADOS<\/div>\n[\/vc_column_text][vc_gallery type=&#8221;flexslider_style&#8221; images=&#8221;1081,1082,1084,1086&#8243; onclick=&#8221;link_no&#8221; img_size=&#8221;full&#8221;][nectar_btn size=&#8221;jumbo&#8221; button_style=&#8221;see-through&#8221; button_color_2=&#8221;Accent-Color&#8221; icon_family=&#8221;none&#8221; el_class=&#8221;btn-letras&#8221; text=&#8221;RESERVE SU CONSULTA VIRTUAL&#8221; url=&#8221;https:\/\/drnicolasleyva.com\/es\/consulta-virtual\/&#8221;][\/tab][tab icon_family=&#8221;none&#8221; title=&#8221;Reducci\u00f3n de pecho&#8221; id=&#8221;1676962627716-9&#8243; tab_id=&#8221;1676962627717-4&#8243;][vc_column_text]\n<div id=\"tab_num4\" class=\"results-title\">Reducci\u00f3n de pecho<\/div>\n[\/vc_column_text][vc_column_text]\n<p style=\"text-align: justify;\">Durante esta cirug\u00eda, se extirpar\u00e1 el exceso de grasa, piel y tejido glandular de los pechos para reducir su tama\u00f1o, de modo que sean m\u00e1s proporcionados al resto del cuerpo y dejen de ser una fuente de malestar f\u00edsico.<\/p>\n[\/vc_column_text][divider line_type=&#8221;No Line&#8221; custom_height=&#8221;35&#8243;][vc_column_text]\n<div class=\"results-medium\">RESULTADOS<\/div>\n[\/vc_column_text][vc_gallery type=&#8221;flexslider_style&#8221; images=&#8221;1087,1088,1089,1090&#8243; onclick=&#8221;link_no&#8221; img_size=&#8221;full&#8221;][nectar_btn size=&#8221;jumbo&#8221; button_style=&#8221;see-through&#8221; button_color_2=&#8221;Accent-Color&#8221; icon_family=&#8221;none&#8221; el_class=&#8221;btn-letras&#8221; text=&#8221;RESERVE SU CONSULTA VIRTUAL&#8221; url=&#8221;https:\/\/drnicolasleyva.com\/es\/consulta-virtual\/&#8221;][divider line_type=&#8221;No Line&#8221; custom_height=&#8221;35&#8243;][nectar_btn size=&#8221;medium&#8221; button_style=&#8221;regular&#8221; button_color_2=&#8221;Extra-Color-1&#8243; solid_text_color_override=&#8221;#4d4e56&#8243; icon_family=&#8221;none&#8221; el_class=&#8221;btn-letras&#8221; text=&#8221;PROCEDIMIENTOS CORPORALES&#8221; url=&#8221;https:\/\/drnicolasleyva.com\/es\/cuerpo\/&#8221;][\/tab][\/tabbed_section][\/vc_column][\/vc_row][vc_row type=&#8221;in_container&#8221; full_screen_row_position=&#8221;middle&#8221; column_margin=&#8221;default&#8221; column_direction=&#8221;default&#8221; column_direction_tablet=&#8221;default&#8221; column_direction_phone=&#8221;default&#8221; scene_position=&#8221;center&#8221; text_color=&#8221;dark&#8221; text_align=&#8221;left&#8221; row_border_radius=&#8221;none&#8221; row_border_radius_applies=&#8221;bg&#8221; overflow=&#8221;visible&#8221; overlay_strength=&#8221;0.3&#8243; gradient_direction=&#8221;left_to_right&#8221; shape_divider_position=&#8221;bottom&#8221; bg_image_animation=&#8221;none&#8221;][vc_column column_padding=&#8221;no-extra-padding&#8221; column_padding_tablet=&#8221;inherit&#8221; column_padding_phone=&#8221;inherit&#8221; column_padding_position=&#8221;all&#8221; column_element_direction_desktop=&#8221;default&#8221; column_element_spacing=&#8221;default&#8221; desktop_text_alignment=&#8221;default&#8221; tablet_text_alignment=&#8221;default&#8221; phone_text_alignment=&#8221;default&#8221; background_color_opacity=&#8221;1&#8243; background_hover_color_opacity=&#8221;1&#8243; column_backdrop_filter=&#8221;none&#8221; column_shadow=&#8221;none&#8221; column_border_radius=&#8221;none&#8221; column_link_target=&#8221;_self&#8221; column_position=&#8221;default&#8221; gradient_direction=&#8221;left_to_right&#8221; overlay_strength=&#8221;0.3&#8243; width=&#8221;1\/1&#8243; tablet_width_inherit=&#8221;default&#8221; animation_type=&#8221;default&#8221; bg_image_animation=&#8221;none&#8221; border_type=&#8221;simple&#8221; column_border_width=&#8221;none&#8221; column_border_style=&#8221;solid&#8221;][nectar_global_section id=&#8221;304&#8243;][\/vc_column][\/vc_row]\n","protected":false},"excerpt":{"rendered":"<p>[vc_row type=&#8221;full_width_background&#8221; full_screen_row_position=&#8221;middle&#8221; column_margin=&#8221;default&#8221; column_direction=&#8221;default&#8221; column_direction_tablet=&#8221;default&#8221; column_direction_phone=&#8221;default&#8221; bg_color=&#8221;#4d4e56&#8243; scene_position=&#8221;center&#8221; top_padding=&#8221;6%&#8221; bottom_padding=&#8221;8%&#8221; text_color=&#8221;light&#8221; text_align=&#8221;left&#8221; row_border_radius=&#8221;none&#8221; row_border_radius_applies=&#8221;bg&#8221; overflow=&#8221;visible&#8221; overlay_strength=&#8221;0.3&#8243; gradient_direction=&#8221;left_to_right&#8221; shape_divider_position=&#8221;bottom&#8221; bg_image_animation=&#8221;none&#8221; gradient_type=&#8221;default&#8221; shape_type=&#8221;&#8221;][vc_column column_padding=&#8221;padding-6-percent&#8221; column_padding_tablet=&#8221;inherit&#8221; column_padding_phone=&#8221;no-extra-padding&#8221; column_padding_position=&#8221;left-right&#8221; column_element_direction_desktop=&#8221;default&#8221; column_element_spacing=&#8221;default&#8221; desktop_text_alignment=&#8221;default&#8221; tablet_text_alignment=&#8221;default&#8221;&#8230;<\/p>\n","protected":false},"author":1,"featured_media":0,"parent":0,"menu_order":0,"comment_status":"closed","ping_status":"closed","template":"","meta":{"nf_dc_page":"","footnotes":""},"class_list":["post-1063","page","type-page","status-publish"],"_links":{"self":[{"href":"https:\/\/drnicolasleyva.com\/es\/wp-json\/wp\/v2\/pages\/1063","targetHints":{"allow":["GET"]}}],"collection":[{"href":"https:\/\/drnicolasleyva.com\/es\/wp-json\/wp\/v2\/pages"}],"about":[{"href":"https:\/\/drnicolasleyva.com\/es\/wp-json\/wp\/v2\/types\/page"}],"author":[{"embeddable":true,"href":"https:\/\/drnicolasleyva.com\/es\/wp-json\/wp\/v2\/users\/1"}],"replies":[{"embeddable":true,"href":"https:\/\/drnicolasleyva.com\/es\/wp-json\/wp\/v2\/comments?post=1063"}],"version-history":[{"count":5,"href":"https:\/\/drnicolasleyva.com\/es\/wp-json\/wp\/v2\/pages\/1063\/revisions"}],"predecessor-version":[{"id":1163,"href":"https:\/\/drnicolasleyva.com\/es\/wp-json\/wp\/v2\/pages\/1063\/revisions\/1163"}],"wp:attachment":[{"href":"https:\/\/drnicolasleyva.com\/es\/wp-json\/wp\/v2\/media?parent=1063"}],"curies":[{"name":"wp","href":"https:\/\/api.w.org\/{rel}","templated":true}]}}