{"id":1043,"date":"2023-01-25T19:07:44","date_gmt":"2023-01-26T03:07:44","guid":{"rendered":"https:\/\/drnicolasleyva.com\/politica-de-privacidad\/"},"modified":"2025-08-29T13:38:58","modified_gmt":"2025-08-29T20:38:58","slug":"politica-de-privacidad","status":"publish","type":"page","link":"https:\/\/drnicolasleyva.com\/es\/politica-de-privacidad\/","title":{"rendered":"Pol\u00edtica de privacidad"},"content":{"rendered":"[vc_row type=&#8221;in_container&#8221; full_screen_row_position=&#8221;middle&#8221; column_margin=&#8221;default&#8221; column_direction=&#8221;default&#8221; column_direction_tablet=&#8221;default&#8221; column_direction_phone=&#8221;default&#8221; scene_position=&#8221;center&#8221; bottom_padding=&#8221;8%&#8221; text_color=&#8221;dark&#8221; text_align=&#8221;left&#8221; row_border_radius=&#8221;none&#8221; row_border_radius_applies=&#8221;bg&#8221; overflow=&#8221;visible&#8221; overlay_strength=&#8221;0.3&#8243; gradient_direction=&#8221;left_to_right&#8221; shape_divider_position=&#8221;bottom&#8221; bg_image_animation=&#8221;none&#8221; gradient_type=&#8221;default&#8221; shape_type=&#8221;&#8221;][vc_column column_padding=&#8221;no-extra-padding&#8221; column_padding_tablet=&#8221;inherit&#8221; column_padding_phone=&#8221;inherit&#8221; column_padding_position=&#8221;all&#8221; column_element_direction_desktop=&#8221;default&#8221; column_element_spacing=&#8221;default&#8221; desktop_text_alignment=&#8221;default&#8221; tablet_text_alignment=&#8221;default&#8221; phone_text_alignment=&#8221;default&#8221; background_color_opacity=&#8221;1&#8243; background_hover_color_opacity=&#8221;1&#8243; column_backdrop_filter=&#8221;none&#8221; column_shadow=&#8221;none&#8221; column_border_radius=&#8221;none&#8221; column_link_target=&#8221;_self&#8221; column_position=&#8221;default&#8221; gradient_direction=&#8221;left_to_right&#8221; overlay_strength=&#8221;0.3&#8243; width=&#8221;1\/1&#8243; tablet_width_inherit=&#8221;default&#8221; animation_type=&#8221;default&#8221; bg_image_animation=&#8221;none&#8221; border_type=&#8221;simple&#8221; column_border_width=&#8221;none&#8221; column_border_style=&#8221;solid&#8221;][vc_column_text]\n<h3>Aviso de privacidad integral para clientes<\/h3>\n<p>&nbsp;<\/p>\n<p>NICOL\u00c1S LEYVA (nombre comercial: DR. NICOL\u00c1S LEYVA) con domicilio en Ave. Paseo del Centenario 9580-2405, Zona Urbana R\u00edo Tijuana, Tijuana, Baja California, C. P. 22010, es el responsable del uso y protecci\u00f3n de sus datos personales, y al respecto le informamos lo siguiente:<\/p>\n<h4>Departamento de privacidad<\/h4>\n<p>Para atender cualquier solicitud acerca del ejercicio de sus derechos ARCO, para la revocaci\u00f3n del consentimiento que nos haya otorgado del tratamiento de sus datos personales, para limitar el uso o divulgaci\u00f3n de sus datos, o acerca de las finalidades para el tratamiento de sus datos personales, ponemos a su disposici\u00f3n nuestro Departamento de Privacidad en los siguientes medios de contacto:<\/p>\n<p>Departamento de Privacidad<br \/>\nCorreo electr\u00f3nico: info@drnicolasleyva.com<\/p>\n<p>Para poder comunicarnos con usted, necesitamos los siguientes datos personales y de contacto en su solicitud:<\/p>\n<ul>\n<li>Nombre del titular<\/li>\n<li>Carta de autorizaci\u00f3n en caso de que la solicitud la haga otra persona que no sea el titular<\/li>\n<li>Copia de identificaci\u00f3n del titular<\/li>\n<li>Correo electr\u00f3nico<\/li>\n<li>Tel\u00e9fono<\/li>\n<\/ul>\n<p>Despu\u00e9s de recibir su solicitud, recibir\u00e1 nuestra respuesta en un plazo m\u00e1ximo de veinte d\u00edas h\u00e1biles por los medios de contacto que nos proporcione.<\/p>\n<h4>\u00bfPara qu\u00e9 fines utilizaremos sus datos personales?<\/h4>\n<p>Los datos personales que recabamos de usted, los utilizaremos para las siguientes finalidades que son necesarias para el servicio que solicita:<\/p>\n<ul>\n<li>Para fines de contacto<\/li>\n<li>Para elaborar un expediente cl\u00ednico<\/li>\n<li>Para env\u00edo de cotizaciones<\/li>\n<\/ul>\n<h4>\u00bfQu\u00e9 datos personales utilizaremos para estos fines?<\/h4>\n<p>Para llevar a cabo las finalidades descritas en el presente Aviso de Privacidad, utilizaremos los siguientes datos personales:<\/p>\n<ul>\n<li>Datos de contacto<\/li>\n<li>Datos de identificaci\u00f3n<\/li>\n<li>Rasgos f\u00edsicos y se\u00f1as particulares \/ fotograf\u00edas<\/li>\n<li>Datos sobre el historial m\u00e9dico<\/li>\n<\/ul>\n<p>Adem\u00e1s de los datos personales mencionados anteriormente, para las finalidades informadas en el presente Aviso de Privacidad utilizaremos los siguientes datos personales considerados como sensibles, que requieren de especial protecci\u00f3n:<\/p>\n<ul>\n<li>Datos de salud<\/li>\n<li>Fotograf\u00edas<\/li>\n<\/ul>\n<h4>\u00bfC\u00f3mo puede acceder, rectificar o cancelar sus datos personales, u oponerse a su uso?<\/h4>\n<p>Usted tiene derecho a conocer qu\u00e9 datos personales tenemos de usted, para qu\u00e9 los utilizamos y las condiciones del uso que les damos (Acceso). Asimismo, es su derecho solicitar la correcci\u00f3n de su informaci\u00f3n personal en caso de que est\u00e9 desactualizada, sea inexacta o incompleta (Rectificaci\u00f3n); que la eliminemos de nuestros registros o bases de datos cuando considere que la misma no est\u00e1 siendo utilizada conforme a los principios, deberes y obligaciones previstas en la normativa (Cancelaci\u00f3n); as\u00ed como oponerse al uso de sus datos personales para fines espec\u00edficos (Oposici\u00f3n). Estos derechos se conocen como derechos ARCO.<\/p>\n<p>Si usted desea ejercer sus derechos ARCO, lo podr\u00e1 hacer contact\u00e1ndose con nuestro Departamento de Privacidad en los medios establecidos en el presente aviso.<\/p>\n<h4>\u00bfC\u00f3mo puede revocar su consentimiento para el uso de sus datos personales?<\/h4>\n<p>Usted puede revocar el consentimiento que, en su caso, nos haya otorgado para el tratamiento de sus datos personales. Sin embargo, es importante que tenga en cuenta que no en todos los casos podremos atender su solicitud o concluir el uso de forma inmediata, ya que es posible que por alguna obligaci\u00f3n legal requiramos seguir tratando sus datos personales. Asimismo, usted deber\u00e1 considerar que, para ciertos fines, la revocaci\u00f3n de su consentimiento implicar\u00e1 que no le podamos seguir prestando el servicio que nos solicit\u00f3, o la conclusi\u00f3n de su relaci\u00f3n con nosotros.<\/p>\n<p>Para conocer el procedimiento y requisitos para la revocaci\u00f3n de su consentimiento, usted podr\u00e1 ponerse en contacto con nuestro Departamento de Privacidad a trav\u00e9s de los medios especificados en el presente aviso.<\/p>\n<h4>\u00bfC\u00f3mo puede limitar el uso o divulgaci\u00f3n de su informaci\u00f3n personal?<\/h4>\n<p>Si usted desea limitar el uso o divulgaci\u00f3n de su informaci\u00f3n personal podr\u00e1 solicitarlo a nuestro Departamento de Privacidad a trav\u00e9s de los medios especificados en el presente aviso.<\/p>\n<p>Adicionalmente, podemos poner a su disposici\u00f3n procedimientos y mecanismos espec\u00edficos mediante los cuales puede limitar el uso de su informaci\u00f3n personal. Estos procedimientos y mecanismos espec\u00edficos se informar\u00e1n a trav\u00e9s de los medios que utilicemos para comunicarnos con usted u otros que consideremos adecuados.<\/p>\n<h4>\u00bfC\u00f3mo puede conocer los cambios a este aviso de privacidad?<\/h4>\n<p>El presente Aviso de Privacidad puede sufrir modificaciones, cambios o actualizaciones derivadas de nuevos requerimientos legales; de nuestras propias necesidades por los productos o servicios que ofrecemos; de nuestras pr\u00e1cticas de privacidad; de cambios en nuestro modelo de negocio, o por otras causas.<\/p>\n<p>Los cambios al Aviso de Privacidad se informar\u00e1n a trav\u00e9s de los medios de contacto que nos proporcione en su registro y a trav\u00e9s de nuestro sitio web en la siguiente direcci\u00f3n: www.drnicolasleyva.com<\/p>\n<p>Consiento que mis datos personales sean tratados de conformidad con los t\u00e9rminos y condiciones informados en el presente Aviso de Privacidad.[\/vc_column_text][\/vc_column][\/vc_row][vc_row type=&#8221;in_container&#8221; full_screen_row_position=&#8221;middle&#8221; column_margin=&#8221;default&#8221; column_direction=&#8221;default&#8221; column_direction_tablet=&#8221;default&#8221; column_direction_phone=&#8221;default&#8221; scene_position=&#8221;center&#8221; text_color=&#8221;dark&#8221; text_align=&#8221;left&#8221; row_border_radius=&#8221;none&#8221; row_border_radius_applies=&#8221;bg&#8221; overflow=&#8221;visible&#8221; overlay_strength=&#8221;0.3&#8243; gradient_direction=&#8221;left_to_right&#8221; shape_divider_position=&#8221;bottom&#8221; bg_image_animation=&#8221;none&#8221;][vc_column column_padding=&#8221;no-extra-padding&#8221; column_padding_tablet=&#8221;inherit&#8221; column_padding_phone=&#8221;inherit&#8221; column_padding_position=&#8221;all&#8221; column_element_direction_desktop=&#8221;default&#8221; column_element_spacing=&#8221;default&#8221; desktop_text_alignment=&#8221;default&#8221; tablet_text_alignment=&#8221;default&#8221; phone_text_alignment=&#8221;default&#8221; background_color_opacity=&#8221;1&#8243; background_hover_color_opacity=&#8221;1&#8243; column_backdrop_filter=&#8221;none&#8221; column_shadow=&#8221;none&#8221; column_border_radius=&#8221;none&#8221; column_link_target=&#8221;_self&#8221; column_position=&#8221;default&#8221; gradient_direction=&#8221;left_to_right&#8221; overlay_strength=&#8221;0.3&#8243; width=&#8221;1\/1&#8243; tablet_width_inherit=&#8221;default&#8221; animation_type=&#8221;default&#8221; bg_image_animation=&#8221;none&#8221; border_type=&#8221;simple&#8221; column_border_width=&#8221;none&#8221; column_border_style=&#8221;solid&#8221;][nectar_global_section id=&#8221;304&#8243;][\/vc_column][\/vc_row]\n","protected":false},"excerpt":{"rendered":"<p>[vc_row type=&#8221;in_container&#8221; full_screen_row_position=&#8221;middle&#8221; column_margin=&#8221;default&#8221; column_direction=&#8221;default&#8221; column_direction_tablet=&#8221;default&#8221; column_direction_phone=&#8221;default&#8221; scene_position=&#8221;center&#8221; bottom_padding=&#8221;8%&#8221; text_color=&#8221;dark&#8221; text_align=&#8221;left&#8221; row_border_radius=&#8221;none&#8221; row_border_radius_applies=&#8221;bg&#8221; overflow=&#8221;visible&#8221; overlay_strength=&#8221;0.3&#8243; gradient_direction=&#8221;left_to_right&#8221; shape_divider_position=&#8221;bottom&#8221; bg_image_animation=&#8221;none&#8221; gradient_type=&#8221;default&#8221; shape_type=&#8221;&#8221;][vc_column column_padding=&#8221;no-extra-padding&#8221; column_padding_tablet=&#8221;inherit&#8221; column_padding_phone=&#8221;inherit&#8221; column_padding_position=&#8221;all&#8221; column_element_direction_desktop=&#8221;default&#8221; column_element_spacing=&#8221;default&#8221; desktop_text_alignment=&#8221;default&#8221; tablet_text_alignment=&#8221;default&#8221; phone_text_alignment=&#8221;default&#8221; background_color_opacity=&#8221;1&#8243;&#8230;<\/p>\n","protected":false},"author":1,"featured_media":0,"parent":0,"menu_order":0,"comment_status":"closed","ping_status":"closed","template":"","meta":{"nf_dc_page":"","footnotes":""},"class_list":["post-1043","page","type-page","status-publish"],"_links":{"self":[{"href":"https:\/\/drnicolasleyva.com\/es\/wp-json\/wp\/v2\/pages\/1043","targetHints":{"allow":["GET"]}}],"collection":[{"href":"https:\/\/drnicolasleyva.com\/es\/wp-json\/wp\/v2\/pages"}],"about":[{"href":"https:\/\/drnicolasleyva.com\/es\/wp-json\/wp\/v2\/types\/page"}],"author":[{"embeddable":true,"href":"https:\/\/drnicolasleyva.com\/es\/wp-json\/wp\/v2\/users\/1"}],"replies":[{"embeddable":true,"href":"https:\/\/drnicolasleyva.com\/es\/wp-json\/wp\/v2\/comments?post=1043"}],"version-history":[{"count":5,"href":"https:\/\/drnicolasleyva.com\/es\/wp-json\/wp\/v2\/pages\/1043\/revisions"}],"predecessor-version":[{"id":1112,"href":"https:\/\/drnicolasleyva.com\/es\/wp-json\/wp\/v2\/pages\/1043\/revisions\/1112"}],"wp:attachment":[{"href":"https:\/\/drnicolasleyva.com\/es\/wp-json\/wp\/v2\/media?parent=1043"}],"curies":[{"name":"wp","href":"https:\/\/api.w.org\/{rel}","templated":true}]}}